{"id":1300,"date":"2024-03-01T10:48:55","date_gmt":"2024-03-01T09:48:55","guid":{"rendered":"https:\/\/n1soluciones.com\/?page_id=1300"},"modified":"2024-03-01T11:06:47","modified_gmt":"2024-03-01T10:06:47","slug":"politica-de-privacidade","status":"publish","type":"page","link":"https:\/\/n1soluciones.com\/pt_br\/politica-de-privacidade\/","title":{"rendered":"Pol\u00edtica de privacidade"},"content":{"rendered":"<div data-elementor-type=\"wp-page\" data-elementor-id=\"1300\" class=\"elementor elementor-1300\" data-elementor-post-type=\"page\">\n\t\t\t\t\t\t<section class=\"elementor-section elementor-top-section elementor-element elementor-element-50eeb412 elementor-section-boxed elementor-section-height-default elementor-section-height-default\" data-id=\"50eeb412\" data-element_type=\"section\">\n\t\t\t\t\t\t<div class=\"elementor-container elementor-column-gap-default\">\n\t\t\t\t\t<div class=\"elementor-column elementor-col-100 elementor-top-column elementor-element elementor-element-7c87f41e\" data-id=\"7c87f41e\" data-element_type=\"column\">\n\t\t\t<div class=\"elementor-widget-wrap elementor-element-populated\">\n\t\t\t\t\t\t<div class=\"elementor-element elementor-element-d23b044 elementor-widget elementor-widget-text-editor\" data-id=\"d23b044\" data-element_type=\"widget\" data-widget_type=\"text-editor.default\">\n\t\t\t\t\t\t\t\t\t\n<p>\u00daltima atualiza\u00e7\u00e3o em 01-mar-2024<br>Data de entrada em vigor 01-Mar-2023<\/p>\n\n\n\n<p><br>Esta Pol\u00edtica de Privacidade descreve as pol\u00edticas da N1 Soluciones y Tecnolog\u00edas, Plaza de Nicaragua, 11 - M\u00f3stoles, Madrid 28936, Espanha, e-mail: info@n1soluciones.com, telefone: -34 651 902 987 com rela\u00e7\u00e3o \u00e0 coleta, ao uso e \u00e0 divulga\u00e7\u00e3o de suas informa\u00e7\u00f5es que coletamos quando voc\u00ea usa nosso site ( https:\/\/n1soluciones.com ) (o \"Servi\u00e7o\"). Ao acessar ou usar o Servi\u00e7o, voc\u00ea concorda com a coleta, o uso e a divulga\u00e7\u00e3o de suas informa\u00e7\u00f5es de acordo com esta Pol\u00edtica de Privacidade. Se n\u00e3o concordar, n\u00e3o acesse ou use o Servi\u00e7o.<\/p>\n\n\n\n<p>Podemos modificar esta Pol\u00edtica de Privacidade a qualquer momento, sem aviso pr\u00e9vio, e publicaremos a Pol\u00edtica de Privacidade revisada no Servi\u00e7o. A Pol\u00edtica revisada entrar\u00e1 em vigor 180 dias ap\u00f3s a publica\u00e7\u00e3o da Pol\u00edtica revisada no Servi\u00e7o e seu acesso ou uso cont\u00ednuo do Servi\u00e7o ap\u00f3s esse per\u00edodo constituir\u00e1 sua aceita\u00e7\u00e3o da Pol\u00edtica de Privacidade revisada. Portanto, recomendamos que voc\u00ea revise periodicamente esta p\u00e1gina.<\/p>\n\n\n\n<p><strong>COMO COLETAMOS SUAS INFORMA\u00c7\u00d5ES:<br><\/strong>Coletamos\/recebemos informa\u00e7\u00f5es sobre voc\u00ea das seguintes maneiras:<\/p>\n\n\n\n<p>Quando um usu\u00e1rio preenche o formul\u00e1rio de registro ou envia informa\u00e7\u00f5es pessoais<br>Interagir com o site<br>De fontes p\u00fablicas<br><strong>COMO USAMOS SUAS INFORMA\u00c7\u00d5ES:<br><\/strong>Usaremos as informa\u00e7\u00f5es que coletamos sobre voc\u00ea para as seguintes finalidades:<\/p>\n\n\n\n<p>Marketing\/promocional<br>Cria\u00e7\u00e3o de uma conta de usu\u00e1rio<br>Processamento de pagamentos<br>Gerenciar o pedido do cliente<br>Coment\u00e1rios de usu\u00e1rio para usu\u00e1rio<br>Se quisermos usar suas informa\u00e7\u00f5es para qualquer outra finalidade, solicitaremos seu consentimento e usaremos suas informa\u00e7\u00f5es somente ap\u00f3s recebermos seu consentimento e, depois, somente para a(s) finalidade(s) para a(s) qual(is) concedemos o consentimento, a menos que sejamos obrigados a fazer o contr\u00e1rio por lei.<\/p>\n\n\n\n<p><strong>COMO COMPARTILHAMOS SUAS INFORMA\u00c7\u00d5ES:<br><\/strong>N\u00e3o transferiremos suas informa\u00e7\u00f5es pessoais a terceiros sem o seu consentimento, exceto em circunst\u00e2ncias limitadas, conforme descrito abaixo:<\/p>\n\n\n\n<p>Servi\u00e7o de publicidade<br>Ag\u00eancias de marketing<br>An\u00e1lise<br>Servi\u00e7os de recupera\u00e7\u00e3o de pagamentos<br>Exigimos que esses terceiros usem as informa\u00e7\u00f5es pessoais que transferimos a eles somente para a finalidade para a qual foram transferidas e que n\u00e3o as retenham por mais tempo do que o necess\u00e1rio para cumprir essa finalidade.<\/p>\n\n\n\n<p>Tamb\u00e9m poderemos divulgar suas informa\u00e7\u00f5es pessoais para: (1) cumprir a lei aplic\u00e1vel, regulamentos, ordens judiciais ou outros processos legais; (2) fazer cumprir seus contratos conosco, inclusive esta Pol\u00edtica de Privacidade; ou (3) responder a alega\u00e7\u00f5es de que seu uso do Servi\u00e7o viola quaisquer direitos de terceiros. Se o Servi\u00e7o ou nossa empresa se fundir ou for adquirida por outra empresa, suas informa\u00e7\u00f5es ser\u00e3o um dos ativos transferidos para o novo propriet\u00e1rio.<\/p>\n\n\n\n<p><strong>SEUS DIREITOS:<br><\/strong>Dependendo da legisla\u00e7\u00e3o aplic\u00e1vel, voc\u00ea pode ter o direito de acessar e retificar ou apagar seus dados pessoais ou receber uma c\u00f3pia de seus dados pessoais, restringir ou se opor ao processamento ativo de seus dados, solicitar o compartilhamento (portabilidade) de suas informa\u00e7\u00f5es pessoais com outra entidade, retirar qualquer consentimento que tenha fornecido para o processamento de seus dados, o direito de apresentar uma reclama\u00e7\u00e3o a uma autoridade legal e outros direitos que possam ser relevantes de acordo com a legisla\u00e7\u00e3o aplic\u00e1vel. Para exercer esses direitos, voc\u00ea pode nos escrever para info@n1soluciones.com. Responderemos \u00e0 sua solicita\u00e7\u00e3o de acordo com a legisla\u00e7\u00e3o aplic\u00e1vel.<\/p>\n\n\n\n<p>Voc\u00ea pode optar por n\u00e3o receber nossas comunica\u00e7\u00f5es de marketing direto ou cria\u00e7\u00e3o de perfis para fins de marketing escrevendo para info@n1soluciones.com.<\/p>\n\n\n\n<p>Observe que, se voc\u00ea n\u00e3o nos permitir coletar ou processar as informa\u00e7\u00f5es pessoais necess\u00e1rias ou retirar o consentimento para process\u00e1-las para os fins necess\u00e1rios, talvez n\u00e3o consiga acessar ou usar os servi\u00e7os para os quais suas informa\u00e7\u00f5es foram solicitadas.<\/p>\n\n\n\n<p><strong>COOKIES ETC.<br><\/strong>Para obter mais informa\u00e7\u00f5es sobre como as usamos e suas escolhas em rela\u00e7\u00e3o a essas tecnologias de rastreamento, consulte nossa Pol\u00edtica de Cookies.<\/p>\n\n\n\n<p><strong>SEGURAN\u00c7A:<br><\/strong>A seguran\u00e7a de suas informa\u00e7\u00f5es \u00e9 importante para n\u00f3s e usaremos medidas de seguran\u00e7a razo\u00e1veis para evitar a perda, o uso indevido ou a altera\u00e7\u00e3o n\u00e3o autorizada de suas informa\u00e7\u00f5es sob nosso controle. Entretanto, dados os riscos inerentes, n\u00e3o podemos garantir seguran\u00e7a absoluta e, portanto, n\u00e3o podemos garantir a seguran\u00e7a de nenhuma informa\u00e7\u00e3o que voc\u00ea nos transmita, e voc\u00ea o faz por sua pr\u00f3pria conta e risco.<\/p>\n\n\n\n<p><strong>RECLAMA\u00c7\u00c3O\/RESPONS\u00c1VEL PELA PROTE\u00c7\u00c3O DE DADOS:<br><\/strong>Se tiver alguma d\u00favida ou preocupa\u00e7\u00e3o sobre o processamento de suas informa\u00e7\u00f5es que est\u00e3o dispon\u00edveis conosco, envie um e-mail para nosso Diretor de Reclama\u00e7\u00f5es em N1 Soluciones y Tecnolog\u00edas, Plaza de Nicaragua, 11 - M\u00f3stoles, e-mail: info@n1soluciones.com. Trataremos de suas preocupa\u00e7\u00f5es de acordo com a legisla\u00e7\u00e3o aplic\u00e1vel.<\/p>\n\n\n\n<p>Pol\u00edtica de privacidade gerada com <a href=\"https:\/\/www.cookieyes.com\/?utm_source=PP&amp;utm_medium=footer&amp;utm_campaign=UW\" target=\"_blank\" rel=\"noreferrer noopener\">CookieSim<\/a>.<\/p>\n\t\t\t\t\t\t\t\t<\/div>\n\t\t\t\t\t<\/div>\n\t\t<\/div>\n\t\t\t\t\t<\/div>\n\t\t<\/section>\n\t\t\t\t<\/div>","protected":false},"excerpt":{"rendered":"<p>\u00daltima actualizaci\u00f3n el 01-Mar-2024Fecha de entrada en vigor 01-mar-2023 Esta Pol\u00edtica de Privacidad describe las pol\u00edticas de N1 Soluciones y Tecnolog\u00edas, Plaza de Nicaragua, 11 &#8211; M\u00f3stoles, Madrid 28936, Espa\u00f1a, correo electr\u00f3nico: info@n1soluciones.com, tel\u00e9fono: -34 651 902 987 sobre la recopilaci\u00f3n, uso y divulgaci\u00f3n de su informaci\u00f3n que recopilamos cuando utiliza nuestro sitio web ( [&hellip;]<\/p>\n","protected":false},"author":1,"featured_media":0,"parent":0,"menu_order":0,"comment_status":"closed","ping_status":"closed","template":"","meta":{"_joinchat":[],"footnotes":""},"class_list":["post-1300","page","type-page","status-publish","hentry"],"_links":{"self":[{"href":"https:\/\/n1soluciones.com\/pt_br\/wp-json\/wp\/v2\/pages\/1300","targetHints":{"allow":["GET"]}}],"collection":[{"href":"https:\/\/n1soluciones.com\/pt_br\/wp-json\/wp\/v2\/pages"}],"about":[{"href":"https:\/\/n1soluciones.com\/pt_br\/wp-json\/wp\/v2\/types\/page"}],"author":[{"embeddable":true,"href":"https:\/\/n1soluciones.com\/pt_br\/wp-json\/wp\/v2\/users\/1"}],"replies":[{"embeddable":true,"href":"https:\/\/n1soluciones.com\/pt_br\/wp-json\/wp\/v2\/comments?post=1300"}],"version-history":[{"count":6,"href":"https:\/\/n1soluciones.com\/pt_br\/wp-json\/wp\/v2\/pages\/1300\/revisions"}],"predecessor-version":[{"id":1316,"href":"https:\/\/n1soluciones.com\/pt_br\/wp-json\/wp\/v2\/pages\/1300\/revisions\/1316"}],"wp:attachment":[{"href":"https:\/\/n1soluciones.com\/pt_br\/wp-json\/wp\/v2\/media?parent=1300"}],"curies":[{"name":"wp","href":"https:\/\/api.w.org\/{rel}","templated":true}]}}