{"id":1297,"date":"2024-03-01T10:43:30","date_gmt":"2024-03-01T09:43:30","guid":{"rendered":"https:\/\/n1soluciones.com\/?page_id=1297"},"modified":"2024-03-01T11:05:57","modified_gmt":"2024-03-01T10:05:57","slug":"politica-de-cookies","status":"publish","type":"page","link":"https:\/\/n1soluciones.com\/pt_br\/politica-de-cookies\/","title":{"rendered":"Pol\u00edtica de cookies"},"content":{"rendered":"<div data-elementor-type=\"wp-page\" data-elementor-id=\"1297\" class=\"elementor elementor-1297\" data-elementor-post-type=\"page\">\n\t\t\t\t\t\t<section class=\"elementor-section elementor-top-section elementor-element elementor-element-149065a8 elementor-section-boxed elementor-section-height-default elementor-section-height-default\" data-id=\"149065a8\" data-element_type=\"section\">\n\t\t\t\t\t\t<div class=\"elementor-container elementor-column-gap-default\">\n\t\t\t\t\t<div class=\"elementor-column elementor-col-100 elementor-top-column elementor-element elementor-element-5ce8b1f7\" data-id=\"5ce8b1f7\" data-element_type=\"column\">\n\t\t\t<div class=\"elementor-widget-wrap elementor-element-populated\">\n\t\t\t\t\t\t<div class=\"elementor-element elementor-element-25d9c952 elementor-widget elementor-widget-text-editor\" data-id=\"25d9c952\" data-element_type=\"widget\" data-widget_type=\"text-editor.default\">\n\t\t\t\t\t\t\t\t\t\n<p>Data de vig\u00eancia: 01-Mar-2024<br>\u00daltima atualiza\u00e7\u00e3o: 01-mar-2024<\/p>\n\n\n\n<p><strong>O que s\u00e3o cookies?<br><\/strong>Esta Pol\u00edtica de Cookies explica o que s\u00e3o cookies e como os usamos, os tipos de cookies que usamos, ou seja, as informa\u00e7\u00f5es que coletamos por meio de cookies e como essas informa\u00e7\u00f5es s\u00e3o usadas, e como gerenciar suas configura\u00e7\u00f5es de cookies.<\/p>\n\n\n\n<p>Cookies s\u00e3o pequenos arquivos de texto usados para armazenar pequenas informa\u00e7\u00f5es. Eles s\u00e3o armazenados em seu dispositivo quando o site \u00e9 carregado em seu navegador. Esses cookies nos ajudam a fazer com que o site funcione corretamente, torn\u00e1-lo mais seguro, proporcionar uma melhor experi\u00eancia ao usu\u00e1rio e entender como o site funciona e analisar o que funciona e onde precisa ser melhorado.<\/p>\n\n\n\n<p><strong>Como usamos cookies?<br><\/strong>Como a maioria dos servi\u00e7os on-line, nosso site usa cookies de terceiros para v\u00e1rias finalidades. Os cookies prim\u00e1rios s\u00e3o necess\u00e1rios, em sua maioria, para que o site funcione adequadamente e n\u00e3o coletam nenhuma de suas informa\u00e7\u00f5es pessoais identific\u00e1veis.<\/p>\n\n\n\n<p>Os cookies de terceiros usados em nosso site servem principalmente para entender como o site funciona, como voc\u00ea interage com ele, manter nossos servi\u00e7os seguros, fornecer an\u00fancios relevantes para voc\u00ea e, de modo geral, proporcionar uma experi\u00eancia de usu\u00e1rio melhor e mais aprimorada e ajudar a acelerar suas futuras intera\u00e7\u00f5es com nosso site.<\/p>\n\n\n\n<p><strong>Tipos de cookies que usamos<\/strong><\/p>\n\n\n\n<p>Gerenciar prefer\u00eancias de cookies<br>Configura\u00e7\u00f5es de cookies<br>Voc\u00ea pode alterar suas prefer\u00eancias de cookies a qualquer momento clicando no bot\u00e3o acima. Isso permitir\u00e1 que voc\u00ea visite novamente o banner de consentimento de cookies e altere suas prefer\u00eancias ou retire seu consentimento imediatamente.<\/p>\n\n\n\n<p>Al\u00e9m disso, diferentes navegadores oferecem diferentes m\u00e9todos de bloqueio e exclus\u00e3o de cookies usados por sites. Voc\u00ea pode alterar as configura\u00e7\u00f5es do seu navegador para bloquear\/excluir cookies. Abaixo est\u00e3o listados links para documentos de suporte sobre como gerenciar e excluir cookies dos principais navegadores da Web.<\/p>\n\n\n\n<p>Cromo: https:\/\/support.google.com\/accounts\/answer\/32050<\/p>\n\n\n\n<p>Safari: https:\/\/support.apple.com\/en-in\/guide\/safari\/sfri11471\/mac<\/p>\n\n\n\n<p>Firefox: https:\/\/support.mozilla.org\/en-US\/kb\/clear-cookies-and-site-data-firefox?slug=delete-cookies-remove-info-websites-stored&amp;redirecte=en-US<\/p>\n\n\n\n<p>Internet Explorer: https:\/\/support.microsoft.com\/en-us\/topic\/how-to-delete-cookie-files-in-internet-explorer-bca9446f-d873-78de-77ba-d42645fa52fc<\/p>\n\n\n\n<p>Se estiver usando qualquer outro navegador da Web, visite os documentos oficiais de suporte do seu navegador.<\/p>\n\n\n\n<p><strong>Pol\u00edtica de cookies gerada por<\/strong>\u00a0<a href=\"https:\/\/www.cookieyes.com\/?utm_source=CP&amp;utm_medium=footer&amp;utm_campaign=UW\" target=\"_blank\" rel=\"noreferrer noopener\">CookieYes - Gerador de pol\u00edtica de cookies<\/a>.<\/p>\n\t\t\t\t\t\t\t\t<\/div>\n\t\t\t\t\t<\/div>\n\t\t<\/div>\n\t\t\t\t\t<\/div>\n\t\t<\/section>\n\t\t\t\t<\/div>","protected":false},"excerpt":{"rendered":"<p>Fecha de vigencia: 01-Mar-2024\u00daltima actualizaci\u00f3n: 01-Mar-2024 \u00bfQu\u00e9 son las cookies?Esta Pol\u00edtica de cookies explica qu\u00e9 son las cookies y c\u00f3mo las utilizamos, los tipos de cookies que utilizamos, es decir, la informaci\u00f3n que recopilamos mediante cookies y c\u00f3mo se utiliza esa informaci\u00f3n, y c\u00f3mo administrar la configuraci\u00f3n de las cookies. Las cookies son peque\u00f1os archivos [&hellip;]<\/p>\n","protected":false},"author":1,"featured_media":0,"parent":0,"menu_order":0,"comment_status":"closed","ping_status":"closed","template":"","meta":{"_joinchat":[],"footnotes":""},"class_list":["post-1297","page","type-page","status-publish","hentry"],"_links":{"self":[{"href":"https:\/\/n1soluciones.com\/pt_br\/wp-json\/wp\/v2\/pages\/1297","targetHints":{"allow":["GET"]}}],"collection":[{"href":"https:\/\/n1soluciones.com\/pt_br\/wp-json\/wp\/v2\/pages"}],"about":[{"href":"https:\/\/n1soluciones.com\/pt_br\/wp-json\/wp\/v2\/types\/page"}],"author":[{"embeddable":true,"href":"https:\/\/n1soluciones.com\/pt_br\/wp-json\/wp\/v2\/users\/1"}],"replies":[{"embeddable":true,"href":"https:\/\/n1soluciones.com\/pt_br\/wp-json\/wp\/v2\/comments?post=1297"}],"version-history":[{"count":9,"href":"https:\/\/n1soluciones.com\/pt_br\/wp-json\/wp\/v2\/pages\/1297\/revisions"}],"predecessor-version":[{"id":1313,"href":"https:\/\/n1soluciones.com\/pt_br\/wp-json\/wp\/v2\/pages\/1297\/revisions\/1313"}],"wp:attachment":[{"href":"https:\/\/n1soluciones.com\/pt_br\/wp-json\/wp\/v2\/media?parent=1297"}],"curies":[{"name":"wp","href":"https:\/\/api.w.org\/{rel}","templated":true}]}}