{"id":1134,"date":"2024-02-09T14:31:16","date_gmt":"2024-02-09T13:31:16","guid":{"rendered":"https:\/\/n1soluciones.com\/?page_id=1134"},"modified":"2026-02-02T08:23:07","modified_gmt":"2026-02-02T07:23:07","slug":"contato","status":"publish","type":"page","link":"https:\/\/n1soluciones.com\/pt_br\/contato\/","title":{"rendered":"Contato"},"content":{"rendered":"<ol>\n<li><a href=\"https:\/\/n1soluciones.com\/pt_br\/\">Home<\/a><\/li>\n<\/ol>\n<h1>Vamos falar sobre seu futuro digital<\/h1>\n<h4>Solu\u00e7\u00f5es Em N1<\/h4>\n<p>Seu sucesso \u00e9 nossa prioridade. Se tiver d\u00favidas, precisar de orienta\u00e7\u00e3o ou estiver pronto para levar sua estrat\u00e9gia de marketing digital para o pr\u00f3ximo n\u00edvel, nossa equipe est\u00e1 aqui para ouvir e ajudar. Entre em contato conosco hoje mesmo e vamos come\u00e7ar a construir seu sucesso digital juntos.<\/p>\n<h4>contato<\/h4>\n<p>+34 651 90 29 87\u00a0<\/p>\n<p>contato@n1soluciones.com<\/p>\n<p>\t\t\t\t\t<a target=\"_blank\" rel=\"noopener\"><br \/>\n\t\t\t\t\t\tInstagram<br \/>\n\t\t\t\t\t\t<svg viewbox=\"0 0 448 512\" xmlns=\"http:\/\/www.w3.org\/2000\/svg\"><path d=\"M224.1 141c-63.6 0-114.9 51.3-114.9 114.9s51.3 114.9 114.9 114.9S339 319.5 339 255.9 287.7 141 224.1 141zm0 189.6c-41.1 0-74.7-33.5-74.7-74.7s33.5-74.7 74.7-74.7 74.7 33.5 74.7 74.7-33.6 74.7-74.7 74.7zm146.4-194.3c0 14.9-12 26.8-26.8 26.8-14.9 0-26.8-12-26.8-26.8s12-26.8 26.8-26.8 26.8 12 26.8 26.8zm76.1 27.2c-1.7-35.9-9.9-67.7-36.2-93.9-26.2-26.2-58-34.4-93.9-36.2-37-2.1-147.9-2.1-184.9 0-35.8 1.7-67.6 9.9-93.9 36.1s-34.4 58-36.2 93.9c-2.1 37-2.1 147.9 0 184.9 1.7 35.9 9.9 67.7 36.2 93.9s58 34.4 93.9 36.2c37 2.1 147.9 2.1 184.9 0 35.9-1.7 67.7-9.9 93.9-36.2 26.2-26.2 34.4-58 36.2-93.9 2.1-37 2.1-147.8 0-184.8zM398.8 388c-7.8 19.6-22.9 34.7-42.6 42.6-29.5 11.7-99.5 9-132.1 9s-102.7 2.6-132.1-9c-19.6-7.8-34.7-22.9-42.6-42.6-11.7-29.5-9-99.5-9-132.1s-2.6-102.7 9-132.1c7.8-19.6 22.9-34.7 42.6-42.6 29.5-11.7 99.5-9 132.1-9s102.7-2.6 132.1 9c19.6 7.8 34.7 22.9 42.6 42.6 11.7 29.5 9 99.5 9 132.1s2.7 102.7-9 132.1z\"><\/path><\/svg>\t\t\t\t\t<\/a><br \/>\n\t\t\t\t\t<a target=\"_blank\" rel=\"noopener\"><br \/>\n\t\t\t\t\t\tFacebook<br \/>\n\t\t\t\t\t\t<svg viewbox=\"0 0 512 512\" xmlns=\"http:\/\/www.w3.org\/2000\/svg\"><path d=\"M504 256C504 119 393 8 256 8S8 119 8 256c0 123.78 90.69 226.38 209.25 245V327.69h-63V256h63v-54.64c0-62.15 37-96.48 93.67-96.48 27.14 0 55.52 4.84 55.52 4.84v61h-31.28c-30.8 0-40.41 19.12-40.41 38.73V256h68.78l-11 71.69h-57.78V501C413.31 482.38 504 379.78 504 256z\"><\/path><\/svg>\t\t\t\t\t<\/a><br \/>\n\t\t\t\t\t<a target=\"_blank\" rel=\"noopener\"><br \/>\n\t\t\t\t\t\tYoutube<br \/>\n\t\t\t\t\t\t<svg viewbox=\"0 0 576 512\" xmlns=\"http:\/\/www.w3.org\/2000\/svg\"><path d=\"M549.655 124.083c-6.281-23.65-24.787-42.276-48.284-48.597C458.781 64 288 64 288 64S117.22 64 74.629 75.486c-23.497 6.322-42.003 24.947-48.284 48.597-11.412 42.867-11.412 132.305-11.412 132.305s0 89.438 11.412 132.305c6.281 23.65 24.787 41.5 48.284 47.821C117.22 448 288 448 288 448s170.78 0 213.371-11.486c23.497-6.321 42.003-24.171 48.284-47.821 11.412-42.867 11.412-132.305 11.412-132.305s0-89.438-11.412-132.305zm-317.51 213.508V175.185l142.739 81.205-142.739 81.201z\"><\/path><\/svg>\t\t\t\t\t<\/a><\/p>\n<h4>Endere\u00e7o<\/h4>\n<p>Plaza de Nicaragua, 11<br \/>M\u00f3stoles - Madri<\/p>\n<p>\t\t\t<iframe loading=\"lazy\"\n\t\t\t\t\tsrc=\"https:\/\/maps.google.com\/maps?q=n1%20soluciones&#038;t=m&#038;z=10&#038;output=embed&#038;iwloc=near\"\n\t\t\t\t\ttitle=\"Solu\u00e7\u00f5es n1\"\n\t\t\t\t\taria-label=\"Solu\u00e7\u00f5es n1\"\n\t\t\t><\/iframe><\/p>","protected":false},"excerpt":{"rendered":"<p>Home Vamos falar sobre seu futuro digital Em N1 Soluciones seu sucesso \u00e9 nossa prioridade. Se voc\u00ea tiver d\u00favidas, precisar de orienta\u00e7\u00e3o ou estiver pronto para levar sua estrat\u00e9gia de marketing digital para o pr\u00f3ximo n\u00edvel, nossa equipe est\u00e1 aqui para ouvir e ajudar. Entre em contato conosco hoje mesmo e vamos come\u00e7ar a construir [&hellip;]<\/p>\n","protected":false},"author":1,"featured_media":0,"parent":0,"menu_order":0,"comment_status":"closed","ping_status":"closed","template":"","meta":{"_joinchat":[],"footnotes":""},"class_list":["post-1134","page","type-page","status-publish","hentry"],"_links":{"self":[{"href":"https:\/\/n1soluciones.com\/pt_br\/wp-json\/wp\/v2\/pages\/1134","targetHints":{"allow":["GET"]}}],"collection":[{"href":"https:\/\/n1soluciones.com\/pt_br\/wp-json\/wp\/v2\/pages"}],"about":[{"href":"https:\/\/n1soluciones.com\/pt_br\/wp-json\/wp\/v2\/types\/page"}],"author":[{"embeddable":true,"href":"https:\/\/n1soluciones.com\/pt_br\/wp-json\/wp\/v2\/users\/1"}],"replies":[{"embeddable":true,"href":"https:\/\/n1soluciones.com\/pt_br\/wp-json\/wp\/v2\/comments?post=1134"}],"version-history":[{"count":7,"href":"https:\/\/n1soluciones.com\/pt_br\/wp-json\/wp\/v2\/pages\/1134\/revisions"}],"predecessor-version":[{"id":1141,"href":"https:\/\/n1soluciones.com\/pt_br\/wp-json\/wp\/v2\/pages\/1134\/revisions\/1141"}],"wp:attachment":[{"href":"https:\/\/n1soluciones.com\/pt_br\/wp-json\/wp\/v2\/media?parent=1134"}],"curies":[{"name":"wp","href":"https:\/\/api.w.org\/{rel}","templated":true}]}}