{"id":1300,"date":"2024-03-01T10:48:55","date_gmt":"2024-03-01T09:48:55","guid":{"rendered":"https:\/\/n1soluciones.com\/?page_id=1300"},"modified":"2024-03-01T11:06:47","modified_gmt":"2024-03-01T10:06:47","slug":"politica-de-privacidade","status":"publish","type":"page","link":"https:\/\/n1soluciones.com\/pt\/politica-de-privacidade\/","title":{"rendered":"Pol\u00edtica de privacidade"},"content":{"rendered":"<div data-elementor-type=\"wp-page\" data-elementor-id=\"1300\" class=\"elementor elementor-1300\" data-elementor-post-type=\"page\">\n\t\t\t\t\t\t<section class=\"elementor-section elementor-top-section elementor-element elementor-element-50eeb412 elementor-section-boxed elementor-section-height-default elementor-section-height-default\" data-id=\"50eeb412\" data-element_type=\"section\">\n\t\t\t\t\t\t<div class=\"elementor-container elementor-column-gap-default\">\n\t\t\t\t\t<div class=\"elementor-column elementor-col-100 elementor-top-column elementor-element elementor-element-7c87f41e\" data-id=\"7c87f41e\" data-element_type=\"column\">\n\t\t\t<div class=\"elementor-widget-wrap elementor-element-populated\">\n\t\t\t\t\t\t<div class=\"elementor-element elementor-element-d23b044 elementor-widget elementor-widget-text-editor\" data-id=\"d23b044\" data-element_type=\"widget\" data-widget_type=\"text-editor.default\">\n\t\t\t\t\t\t\t\t\t\n<p>\u00daltima atualiza\u00e7\u00e3o em 01-Mar-2024<br>Data de entrada em vigor 01-Mar-2023<\/p>\n\n\n\n<p><br>A presente Pol\u00edtica de Privacidade descreve as pol\u00edticas da N1 Soluciones y Tecnolog\u00edas, Plaza de Nicaragua, 11 - M\u00f3stoles, Madrid 28936, Espanha, e-mail: info@n1soluciones.com, telefone: -34 651 902 987 relativamente \u00e0 recolha, utiliza\u00e7\u00e3o e divulga\u00e7\u00e3o das informa\u00e7\u00f5es que recolhemos quando utiliza o nosso s\u00edtio Web ( https:\/\/n1soluciones.com ) (o \u00abServi\u00e7o\u00bb). Ao aceder ou utilizar o Servi\u00e7o, o utilizador consente na recolha, utiliza\u00e7\u00e3o e divulga\u00e7\u00e3o das suas informa\u00e7\u00f5es de acordo com a presente Pol\u00edtica de Privacidade. Se n\u00e3o der o seu consentimento, n\u00e3o aceda nem utilize o Servi\u00e7o.<\/p>\n\n\n\n<p>Podemos modificar esta Pol\u00edtica de Privacidade em qualquer altura sem aviso pr\u00e9vio ao utilizador e publicaremos a Pol\u00edtica de Privacidade revista no Servi\u00e7o. A Pol\u00edtica revista entrar\u00e1 em vigor 180 dias ap\u00f3s a publica\u00e7\u00e3o da Pol\u00edtica revista no Servi\u00e7o e o seu acesso continuado ou utiliza\u00e7\u00e3o do Servi\u00e7o ap\u00f3s esse per\u00edodo constituir\u00e1 a sua aceita\u00e7\u00e3o da Pol\u00edtica de Privacidade revista. Por conseguinte, encorajamo-lo a rever periodicamente esta p\u00e1gina.<\/p>\n\n\n\n<p><strong>COMO RECOLHEMOS AS SUAS INFORMA\u00c7\u00d5ES:<br><\/strong>Recolhemos\/recebemos informa\u00e7\u00f5es sobre o utilizador das seguintes formas:<\/p>\n\n\n\n<p>Quando um utilizador preenche o formul\u00e1rio de registo ou apresenta informa\u00e7\u00f5es pessoais<br>Interagir com o s\u00edtio Web<br>De fontes p\u00fablicas<br><strong>COMO UTILIZAMOS AS SUAS INFORMA\u00c7\u00d5ES:<br><\/strong>Utilizaremos as informa\u00e7\u00f5es que recolhemos sobre o utilizador para os seguintes fins<\/p>\n\n\n\n<p>Marketing\/Promocional<br>Criar uma conta de utilizador<br>Processamento de pagamentos<br>Gerir a encomenda do cliente<br>Coment\u00e1rios de utilizador para utilizador<br>Se pretendermos utilizar as informa\u00e7\u00f5es do utilizador para qualquer outro fim, solicitaremos o seu consentimento e utilizaremos as suas informa\u00e7\u00f5es apenas ap\u00f3s recebermos o seu consentimento e apenas para o(s) fim(ns) para o(s) qual(is) concedemos o consentimento, exceto se formos obrigados por lei a fazer o contr\u00e1rio.<\/p>\n\n\n\n<p><strong>COMO PARTILHAMOS AS SUAS INFORMA\u00c7\u00d5ES:<br><\/strong>N\u00e3o transferiremos as suas informa\u00e7\u00f5es pessoais para terceiros sem o seu consentimento, exceto em circunst\u00e2ncias limitadas, conforme descrito abaixo:<\/p>\n\n\n\n<p>Servi\u00e7o de publicidade<br>Ag\u00eancias de marketing<br>An\u00e1lise<br>Servi\u00e7os de recupera\u00e7\u00e3o de pagamentos<br>Exigimos que esses terceiros utilizem as informa\u00e7\u00f5es pessoais que lhes transferimos apenas para a finalidade para a qual foram transferidas e que n\u00e3o as conservem por mais tempo do que o necess\u00e1rio para cumprir essa finalidade.<\/p>\n\n\n\n<p>Tamb\u00e9m podemos divulgar as suas informa\u00e7\u00f5es pessoais para: (1) cumprir a lei aplic\u00e1vel, regulamento, ordem judicial ou outro processo legal; (2) fazer cumprir os seus acordos connosco, incluindo esta Pol\u00edtica de Privacidade; ou (3) responder a reclama\u00e7\u00f5es de que a sua utiliza\u00e7\u00e3o do Servi\u00e7o viola quaisquer direitos de terceiros. Se o Servi\u00e7o ou a nossa empresa se fundir com ou for adquirida por outra empresa, as suas informa\u00e7\u00f5es ser\u00e3o um dos activos transferidos para o novo propriet\u00e1rio.<\/p>\n\n\n\n<p><strong>OS SEUS DIREITOS:<br><\/strong>Dependendo da legisla\u00e7\u00e3o aplic\u00e1vel, o utilizador pode ter o direito de aceder e retificar ou apagar os seus dados pessoais ou receber uma c\u00f3pia dos seus dados pessoais, restringir ou opor-se ao processamento ativo dos seus dados, pedir-nos para partilhar (portar) as suas informa\u00e7\u00f5es pessoais com outra entidade, retirar qualquer consentimento que nos tenha dado para processar os seus dados, o direito de apresentar uma queixa a uma autoridade legal e outros direitos que possam ser relevantes ao abrigo da legisla\u00e7\u00e3o aplic\u00e1vel. Para exercer estes direitos, o utilizador pode escrever-nos para info@n1soluciones.com. Responderemos ao seu pedido em conformidade com a legisla\u00e7\u00e3o aplic\u00e1vel.<\/p>\n\n\n\n<p>O utilizador pode optar por n\u00e3o receber comunica\u00e7\u00f5es de marketing direto ou defini\u00e7\u00e3o de perfis da nossa parte para fins de marketing, escrevendo para info@n1soluciones.com.<\/p>\n\n\n\n<p>Tenha em aten\u00e7\u00e3o que, se n\u00e3o nos autorizar a recolher ou processar as informa\u00e7\u00f5es pessoais necess\u00e1rias ou se retirar o seu consentimento para as processar para os fins pretendidos, poder\u00e1 n\u00e3o conseguir aceder ou utilizar os servi\u00e7os para os quais as suas informa\u00e7\u00f5es foram solicitadas.<\/p>\n\n\n\n<p><strong>BOLINHOS ETC.<br><\/strong>Para mais informa\u00e7\u00f5es sobre a forma como as utilizamos e as suas escolhas em rela\u00e7\u00e3o a estas tecnologias de rastreio, consulte a nossa Pol\u00edtica de Cookies.<\/p>\n\n\n\n<p><strong>SEGURAN\u00c7A:<br><\/strong>A seguran\u00e7a das suas informa\u00e7\u00f5es \u00e9 importante para n\u00f3s e utilizaremos medidas de seguran\u00e7a razo\u00e1veis para evitar a perda, utiliza\u00e7\u00e3o indevida ou altera\u00e7\u00e3o n\u00e3o autorizada das suas informa\u00e7\u00f5es sob o nosso controlo. No entanto, tendo em conta os riscos inerentes, n\u00e3o podemos garantir uma seguran\u00e7a absoluta e, consequentemente, n\u00e3o podemos garantir a seguran\u00e7a de quaisquer informa\u00e7\u00f5es que nos transmita, pelo que o utilizador o faz por sua conta e risco.<\/p>\n\n\n\n<p><strong>RECLAMA\u00c7\u00c3O \/ RESPONS\u00c1VEL PELA PROTEC\u00c7\u00c3O DE DADOS:<br><\/strong>Se tiver quaisquer quest\u00f5es ou preocupa\u00e7\u00f5es sobre o processamento das suas informa\u00e7\u00f5es que est\u00e3o dispon\u00edveis connosco, pode enviar uma mensagem de correio eletr\u00f3nico para o nosso Respons\u00e1vel pelas Reclama\u00e7\u00f5es em N1 Soluciones y Tecnolog\u00edas, Plaza de Nicaragua, 11 - M\u00f3stoles, email: info@n1soluciones.com. Trataremos das suas preocupa\u00e7\u00f5es em conformidade com a legisla\u00e7\u00e3o aplic\u00e1vel.<\/p>\n\n\n\n<p>Pol\u00edtica de privacidade gerada com <a href=\"https:\/\/www.cookieyes.com\/?utm_source=PP&amp;utm_medium=footer&amp;utm_campaign=UW\" target=\"_blank\" rel=\"noreferrer noopener\">CookieSim<\/a>.<\/p>\n\t\t\t\t\t\t\t\t<\/div>\n\t\t\t\t\t<\/div>\n\t\t<\/div>\n\t\t\t\t\t<\/div>\n\t\t<\/section>\n\t\t\t\t<\/div>","protected":false},"excerpt":{"rendered":"<p>\u00daltima actualizaci\u00f3n el 01-Mar-2024Fecha de entrada en vigor 01-mar-2023 Esta Pol\u00edtica de Privacidad describe las pol\u00edticas de N1 Soluciones y Tecnolog\u00edas, Plaza de Nicaragua, 11 &#8211; M\u00f3stoles, Madrid 28936, Espa\u00f1a, correo electr\u00f3nico: info@n1soluciones.com, tel\u00e9fono: -34 651 902 987 sobre la recopilaci\u00f3n, uso y divulgaci\u00f3n de su informaci\u00f3n que recopilamos cuando utiliza nuestro sitio web ( [&hellip;]<\/p>\n","protected":false},"author":1,"featured_media":0,"parent":0,"menu_order":0,"comment_status":"closed","ping_status":"closed","template":"","meta":{"_joinchat":[],"footnotes":""},"class_list":["post-1300","page","type-page","status-publish","hentry"],"_links":{"self":[{"href":"https:\/\/n1soluciones.com\/pt\/wp-json\/wp\/v2\/pages\/1300","targetHints":{"allow":["GET"]}}],"collection":[{"href":"https:\/\/n1soluciones.com\/pt\/wp-json\/wp\/v2\/pages"}],"about":[{"href":"https:\/\/n1soluciones.com\/pt\/wp-json\/wp\/v2\/types\/page"}],"author":[{"embeddable":true,"href":"https:\/\/n1soluciones.com\/pt\/wp-json\/wp\/v2\/users\/1"}],"replies":[{"embeddable":true,"href":"https:\/\/n1soluciones.com\/pt\/wp-json\/wp\/v2\/comments?post=1300"}],"version-history":[{"count":6,"href":"https:\/\/n1soluciones.com\/pt\/wp-json\/wp\/v2\/pages\/1300\/revisions"}],"predecessor-version":[{"id":1316,"href":"https:\/\/n1soluciones.com\/pt\/wp-json\/wp\/v2\/pages\/1300\/revisions\/1316"}],"wp:attachment":[{"href":"https:\/\/n1soluciones.com\/pt\/wp-json\/wp\/v2\/media?parent=1300"}],"curies":[{"name":"wp","href":"https:\/\/api.w.org\/{rel}","templated":true}]}}