{"id":1297,"date":"2024-03-01T10:43:30","date_gmt":"2024-03-01T09:43:30","guid":{"rendered":"https:\/\/n1soluciones.com\/?page_id=1297"},"modified":"2024-03-01T11:05:57","modified_gmt":"2024-03-01T10:05:57","slug":"politica-de-cookies","status":"publish","type":"page","link":"https:\/\/n1soluciones.com\/pt\/politica-de-cookies\/","title":{"rendered":"Pol\u00edtica de cookies"},"content":{"rendered":"<div data-elementor-type=\"wp-page\" data-elementor-id=\"1297\" class=\"elementor elementor-1297\" data-elementor-post-type=\"page\">\n\t\t\t\t\t\t<section class=\"elementor-section elementor-top-section elementor-element elementor-element-149065a8 elementor-section-boxed elementor-section-height-default elementor-section-height-default\" data-id=\"149065a8\" data-element_type=\"section\">\n\t\t\t\t\t\t<div class=\"elementor-container elementor-column-gap-default\">\n\t\t\t\t\t<div class=\"elementor-column elementor-col-100 elementor-top-column elementor-element elementor-element-5ce8b1f7\" data-id=\"5ce8b1f7\" data-element_type=\"column\">\n\t\t\t<div class=\"elementor-widget-wrap elementor-element-populated\">\n\t\t\t\t\t\t<div class=\"elementor-element elementor-element-25d9c952 elementor-widget elementor-widget-text-editor\" data-id=\"25d9c952\" data-element_type=\"widget\" data-widget_type=\"text-editor.default\">\n\t\t\t\t\t\t\t\t\t\n<p>Data efectiva: 01-Mar-2024<br>\u00daltima atualiza\u00e7\u00e3o: 01-Mar-2024<\/p>\n\n\n\n<p><strong>O que s\u00e3o bolachas?<br><\/strong>Esta Pol\u00edtica de Cookies explica o que s\u00e3o cookies e como os utilizamos, os tipos de cookies que utilizamos, ou seja, as informa\u00e7\u00f5es que recolhemos atrav\u00e9s dos cookies e como essas informa\u00e7\u00f5es s\u00e3o utilizadas, e como gerir as suas defini\u00e7\u00f5es de cookies.<\/p>\n\n\n\n<p>Os cookies s\u00e3o pequenos ficheiros de texto que s\u00e3o utilizados para armazenar pequenas informa\u00e7\u00f5es. S\u00e3o armazenados no seu dispositivo quando o s\u00edtio Web \u00e9 carregado no seu navegador. Estes cookies ajudam-nos a fazer com que o s\u00edtio Web funcione corretamente, a torn\u00e1-lo mais seguro, a proporcionar uma melhor experi\u00eancia ao utilizador e a compreender como o s\u00edtio Web funciona e a analisar o que funciona e onde precisa de ser melhorado.<\/p>\n\n\n\n<p><strong>Como \u00e9 que utilizamos os cookies?<br><\/strong>Tal como a maioria dos servi\u00e7os em linha, o nosso s\u00edtio Web utiliza cookies de terceiros para v\u00e1rios fins. Os cookies prim\u00e1rios s\u00e3o, na sua maioria, necess\u00e1rios para que o s\u00edtio Web funcione corretamente e n\u00e3o recolhem quaisquer informa\u00e7\u00f5es pessoais identific\u00e1veis do utilizador.<\/p>\n\n\n\n<p>Os cookies de terceiros utilizados no nosso s\u00edtio Web destinam-se principalmente a compreender o funcionamento do s\u00edtio Web, a forma como o utilizador interage com o nosso s\u00edtio Web, a manter os nossos servi\u00e7os seguros, a fornecer an\u00fancios que sejam relevantes para o utilizador e, de um modo geral, a proporcionar-lhe uma experi\u00eancia de utilizador melhor e mais aperfei\u00e7oada e a ajudar a acelerar as suas futuras intera\u00e7\u00f5es com o nosso s\u00edtio Web.<\/p>\n\n\n\n<p><strong>Tipos de cookies que utilizamos<\/strong><\/p>\n\n\n\n<p>Gerir as prefer\u00eancias de cookies<br>Defini\u00e7\u00f5es de cookies<br>Pode alterar as suas prefer\u00eancias de cookies em qualquer altura, clicando no bot\u00e3o acima. Isto permitir-lhe-\u00e1 voltar a visitar a faixa de consentimento de cookies e alterar as suas prefer\u00eancias ou retirar o seu consentimento imediatamente.<\/p>\n\n\n\n<p>Al\u00e9m disso, os diferentes navegadores oferecem diferentes m\u00e9todos para bloquear e apagar os cookies utilizados pelos s\u00edtios Web. Pode alterar as defini\u00e7\u00f5es do seu navegador para bloquear\/eliminar os cookies. Seguem-se liga\u00e7\u00f5es para documentos de apoio sobre como gerir e eliminar cookies dos principais navegadores Web.<\/p>\n\n\n\n<p>Cromado: https:\/\/support.google.com\/accounts\/answer\/32050<\/p>\n\n\n\n<p>Safari: https:\/\/support.apple.com\/en-in\/guide\/safari\/sfri11471\/mac<\/p>\n\n\n\n<p>Firefox: https:\/\/support.mozilla.org\/en-US\/kb\/clear-cookies-and-site-data-firefox?slug=delete-cookies-remove-info-websites-stored&amp;redirecte=en-US<\/p>\n\n\n\n<p>Internet Explorer: https:\/\/support.microsoft.com\/en-us\/topic\/how-to-delete-cookie-files-in-internet-explorer-bca9446f-d873-78de-77ba-d42645fa52fc<\/p>\n\n\n\n<p>Se estiver a utilizar qualquer outro navegador Web, consulte os documentos de apoio oficiais do seu navegador.<\/p>\n\n\n\n<p><strong>Pol\u00edtica de cookies gerada por<\/strong>\u00a0<a href=\"https:\/\/www.cookieyes.com\/?utm_source=CP&amp;utm_medium=footer&amp;utm_campaign=UW\" target=\"_blank\" rel=\"noreferrer noopener\">CookieYes - Gerador de pol\u00edtica de cookies<\/a>.<\/p>\n\t\t\t\t\t\t\t\t<\/div>\n\t\t\t\t\t<\/div>\n\t\t<\/div>\n\t\t\t\t\t<\/div>\n\t\t<\/section>\n\t\t\t\t<\/div>","protected":false},"excerpt":{"rendered":"<p>Fecha de vigencia: 01-Mar-2024\u00daltima actualizaci\u00f3n: 01-Mar-2024 \u00bfQu\u00e9 son las cookies?Esta Pol\u00edtica de cookies explica qu\u00e9 son las cookies y c\u00f3mo las utilizamos, los tipos de cookies que utilizamos, es decir, la informaci\u00f3n que recopilamos mediante cookies y c\u00f3mo se utiliza esa informaci\u00f3n, y c\u00f3mo administrar la configuraci\u00f3n de las cookies. Las cookies son peque\u00f1os archivos [&hellip;]<\/p>\n","protected":false},"author":1,"featured_media":0,"parent":0,"menu_order":0,"comment_status":"closed","ping_status":"closed","template":"","meta":{"_joinchat":[],"footnotes":""},"class_list":["post-1297","page","type-page","status-publish","hentry"],"_links":{"self":[{"href":"https:\/\/n1soluciones.com\/pt\/wp-json\/wp\/v2\/pages\/1297","targetHints":{"allow":["GET"]}}],"collection":[{"href":"https:\/\/n1soluciones.com\/pt\/wp-json\/wp\/v2\/pages"}],"about":[{"href":"https:\/\/n1soluciones.com\/pt\/wp-json\/wp\/v2\/types\/page"}],"author":[{"embeddable":true,"href":"https:\/\/n1soluciones.com\/pt\/wp-json\/wp\/v2\/users\/1"}],"replies":[{"embeddable":true,"href":"https:\/\/n1soluciones.com\/pt\/wp-json\/wp\/v2\/comments?post=1297"}],"version-history":[{"count":9,"href":"https:\/\/n1soluciones.com\/pt\/wp-json\/wp\/v2\/pages\/1297\/revisions"}],"predecessor-version":[{"id":1313,"href":"https:\/\/n1soluciones.com\/pt\/wp-json\/wp\/v2\/pages\/1297\/revisions\/1313"}],"wp:attachment":[{"href":"https:\/\/n1soluciones.com\/pt\/wp-json\/wp\/v2\/media?parent=1297"}],"curies":[{"name":"wp","href":"https:\/\/api.w.org\/{rel}","templated":true}]}}