{"id":1297,"date":"2024-03-01T10:43:30","date_gmt":"2024-03-01T09:43:30","guid":{"rendered":"https:\/\/n1soluciones.com\/?page_id=1297"},"modified":"2024-03-01T11:05:57","modified_gmt":"2024-03-01T10:05:57","slug":"cookie-policy","status":"publish","type":"page","link":"https:\/\/n1soluciones.com\/en\/cookie-policy\/","title":{"rendered":"Cookie Policy"},"content":{"rendered":"<div data-elementor-type=\"wp-page\" data-elementor-id=\"1297\" class=\"elementor elementor-1297\" data-elementor-post-type=\"page\">\n\t\t\t\t\t\t<section class=\"elementor-section elementor-top-section elementor-element elementor-element-149065a8 elementor-section-boxed elementor-section-height-default elementor-section-height-default\" data-id=\"149065a8\" data-element_type=\"section\">\n\t\t\t\t\t\t<div class=\"elementor-container elementor-column-gap-default\">\n\t\t\t\t\t<div class=\"elementor-column elementor-col-100 elementor-top-column elementor-element elementor-element-5ce8b1f7\" data-id=\"5ce8b1f7\" data-element_type=\"column\">\n\t\t\t<div class=\"elementor-widget-wrap elementor-element-populated\">\n\t\t\t\t\t\t<div class=\"elementor-element elementor-element-25d9c952 elementor-widget elementor-widget-text-editor\" data-id=\"25d9c952\" data-element_type=\"widget\" data-widget_type=\"text-editor.default\">\n\t\t\t\t\t\t\t\t\t\n<p>Effective date: 01-Mar-2024<br>Last update: 01-Mar-2024<\/p>\n\n\n\n<p><strong>What are cookies?<br><\/strong>This Cookie Policy explains what cookies are and how we use them, the types of cookies we use, i.e. the information we collect through cookies and how that information is used, and how to manage your cookie settings.<\/p>\n\n\n\n<p>Cookies are small text files that are used to store small pieces of information. They are stored on your device when the website loads in your browser. These cookies help us to make the website work properly, make it more secure, provide a better user experience and understand how the website works and to analyse what works and where it needs improvement.<\/p>\n\n\n\n<p><strong>How do we use cookies?<br><\/strong>Like most online services, our website uses third party cookies for various purposes. First-party cookies are mostly necessary for the website to function properly, and do not collect any of your personally identifiable information.<\/p>\n\n\n\n<p>The third party cookies used on our website are primarily to understand how the website works, how you interact with our website, keep our services secure, provide advertisements that are relevant to you, and generally provide you with a better and improved user experience and help speed up your future interactions with our website.<\/p>\n\n\n\n<p><strong>Types of cookies we use<\/strong><\/p>\n\n\n\n<p>Manage cookie preferences<br>Cookie Settings<br>You can change your cookie preferences at any time by clicking the button above. This will allow you to revisit the cookie consent banner and change your preferences or withdraw your consent immediately.<\/p>\n\n\n\n<p>In addition to this, different browsers provide different methods for blocking and deleting cookies used by websites. You can change your browser settings to block\/delete cookies. Listed below are links to supporting documents on how to manage and delete cookies from the main web browsers.<\/p>\n\n\n\n<p>Chrome: https:\/\/support.google.com\/accounts\/answer\/32050<\/p>\n\n\n\n<p>Safari: https:\/\/support.apple.com\/en-in\/guide\/safari\/sfri11471\/mac<\/p>\n\n\n\n<p>Firefox: https:\/\/support.mozilla.org\/en-US\/kb\/clear-cookies-and-site-data-firefox?slug=delete-cookies-remove-info-websites-stored&amp;redirecte=en-US<\/p>\n\n\n\n<p>Internet Explorer: https:\/\/support.microsoft.com\/en-us\/topic\/how-to-delete-cookie-files-in-internet-explorer-bca9446f-d873-78de-77ba-d42645fa52fc<\/p>\n\n\n\n<p>If you are using any other web browser, please visit the official support documents for your browser.<\/p>\n\n\n\n<p><strong>Cookie policy generated by<\/strong>\u00a0<a href=\"https:\/\/www.cookieyes.com\/?utm_source=CP&amp;utm_medium=footer&amp;utm_campaign=UW\" target=\"_blank\" rel=\"noreferrer noopener\">CookieYes - Cookie Policy Generator<\/a>.<\/p>\n\t\t\t\t\t\t\t\t<\/div>\n\t\t\t\t\t<\/div>\n\t\t<\/div>\n\t\t\t\t\t<\/div>\n\t\t<\/section>\n\t\t\t\t<\/div>","protected":false},"excerpt":{"rendered":"<p>Fecha de vigencia: 01-Mar-2024\u00daltima actualizaci\u00f3n: 01-Mar-2024 \u00bfQu\u00e9 son las cookies?Esta Pol\u00edtica de cookies explica qu\u00e9 son las cookies y c\u00f3mo las utilizamos, los tipos de cookies que utilizamos, es decir, la informaci\u00f3n que recopilamos mediante cookies y c\u00f3mo se utiliza esa informaci\u00f3n, y c\u00f3mo administrar la configuraci\u00f3n de las cookies. Las cookies son peque\u00f1os archivos [&hellip;]<\/p>\n","protected":false},"author":1,"featured_media":0,"parent":0,"menu_order":0,"comment_status":"closed","ping_status":"closed","template":"","meta":{"_joinchat":[],"footnotes":""},"class_list":["post-1297","page","type-page","status-publish","hentry"],"_links":{"self":[{"href":"https:\/\/n1soluciones.com\/en\/wp-json\/wp\/v2\/pages\/1297","targetHints":{"allow":["GET"]}}],"collection":[{"href":"https:\/\/n1soluciones.com\/en\/wp-json\/wp\/v2\/pages"}],"about":[{"href":"https:\/\/n1soluciones.com\/en\/wp-json\/wp\/v2\/types\/page"}],"author":[{"embeddable":true,"href":"https:\/\/n1soluciones.com\/en\/wp-json\/wp\/v2\/users\/1"}],"replies":[{"embeddable":true,"href":"https:\/\/n1soluciones.com\/en\/wp-json\/wp\/v2\/comments?post=1297"}],"version-history":[{"count":9,"href":"https:\/\/n1soluciones.com\/en\/wp-json\/wp\/v2\/pages\/1297\/revisions"}],"predecessor-version":[{"id":1313,"href":"https:\/\/n1soluciones.com\/en\/wp-json\/wp\/v2\/pages\/1297\/revisions\/1313"}],"wp:attachment":[{"href":"https:\/\/n1soluciones.com\/en\/wp-json\/wp\/v2\/media?parent=1297"}],"curies":[{"name":"wp","href":"https:\/\/api.w.org\/{rel}","templated":true}]}}